{"id":36,"date":"2025-05-22T11:22:04","date_gmt":"2025-05-22T10:22:04","guid":{"rendered":"https:\/\/protime.si\/about\/"},"modified":"2025-08-25T14:06:40","modified_gmt":"2025-08-25T13:06:40","slug":"o-nas","status":"publish","type":"page","link":"https:\/\/protime.si\/hr\/o-nas\/","title":{"rendered":"O nama"},"content":{"rendered":"<div data-elementor-type=\"wp-page\" data-elementor-id=\"36\" class=\"elementor elementor-36\" data-elementor-post-type=\"page\">\n\t\t\t\t<div class=\"elementor-element elementor-element-3163357 e-flex e-con-boxed wpr-equal-height-no e-con e-parent\" data-id=\"3163357\" data-element_type=\"container\" data-e-type=\"container\">\n\t\t\t\t\t<div class=\"e-con-inner\">\n\t\t<div class=\"elementor-element elementor-element-2e65a6f e-con-full e-flex wpr-equal-height-no e-con e-child\" data-id=\"2e65a6f\" data-element_type=\"container\" data-e-type=\"container\">\n\t\t\t\t<div class=\"elementor-element elementor-element-7abc7c5 elementor-widget elementor-widget-heading\" data-id=\"7abc7c5\" data-element_type=\"widget\" data-e-type=\"widget\" data-widget_type=\"heading.default\">\n\t\t\t\t<div class=\"elementor-widget-container\">\n\t\t\t\t\t<h1 class=\"elementor-heading-title elementor-size-default\">\u0160to radimo i<\/h1>\t\t\t\t<\/div>\n\t\t\t\t<\/div>\n\t\t\t\t<div class=\"elementor-element elementor-element-a68c23a elementor-widget elementor-widget-heading\" data-id=\"a68c23a\" data-element_type=\"widget\" data-e-type=\"widget\" data-widget_type=\"heading.default\">\n\t\t\t\t<div class=\"elementor-widget-container\">\n\t\t\t\t\t<h1 class=\"elementor-heading-title elementor-size-default\">tko smo<\/h1>\t\t\t\t<\/div>\n\t\t\t\t<\/div>\n\t\t\t\t<div class=\"elementor-element elementor-element-c1d66bd elementor-widget__width-initial elementor-widget elementor-widget-text-editor\" data-id=\"c1d66bd\" data-element_type=\"widget\" data-e-type=\"widget\" data-widget_type=\"text-editor.default\">\n\t\t\t\t<div class=\"elementor-widget-container\">\n\t\t\t\t\t\t\t\t\t<p>Protime.si tim pru\u017ea profesionalno elektroni\u010dko mjerenje rezultata na raznim sportskim natjecanjima, od trka\u010dkih doga\u0111aja i maratona, triatlona, \u200b\u200bbiciklizma, do atletike, trail tr\u010danja, brdskog biciklizma i motosporta. Koriste\u0107i modernu i visokotehnolo\u0161ku opremu osiguravamo to\u010dna mjerenja u svim uvjetima, a istovremeno osiguravamo izuzetno jednostavnu upotrebu za sudionike sportskih natjecanja. Protime.si nudi modernu vizualnu podr\u0161ku za doga\u0111aje, od kori\u0161tenja velikih LED semafora i LCD zaslona do modernih rje\u0161enja za pra\u0107enje i podr\u0161ke za TV produkciju i TV grafiku.<\/p>\t\t\t\t\t\t\t\t<\/div>\n\t\t\t\t<\/div>\n\t\t\t\t<\/div>\n\t\t<div class=\"elementor-element elementor-element-573e416 e-con-full e-flex wpr-equal-height-no e-con e-child\" data-id=\"573e416\" data-element_type=\"container\" data-e-type=\"container\">\n\t\t\t\t<div class=\"elementor-element elementor-element-c61c8c1 elementor-widget elementor-widget-image\" data-id=\"c61c8c1\" data-element_type=\"widget\" data-e-type=\"widget\" data-widget_type=\"image.default\">\n\t\t\t\t<div class=\"elementor-widget-container\">\n\t\t\t\t\t\t\t\t\t\t\t\t\t\t\t<img loading=\"lazy\" decoding=\"async\" width=\"800\" height=\"460\" src=\"https:\/\/protime.si\/wp-content\/uploads\/2025\/05\/dndesign_Protime_-1-2-1024x589-1.jpg\" class=\"attachment-large size-large wp-image-188\" alt=\"\" srcset=\"https:\/\/protime.si\/wp-content\/uploads\/2025\/05\/dndesign_Protime_-1-2-1024x589-1.jpg 1024w, https:\/\/protime.si\/wp-content\/uploads\/2025\/05\/dndesign_Protime_-1-2-1024x589-1-300x173.jpg 300w, https:\/\/protime.si\/wp-content\/uploads\/2025\/05\/dndesign_Protime_-1-2-1024x589-1-768x442.jpg 768w\" sizes=\"auto, (max-width: 800px) 100vw, 800px\" \/>\t\t\t\t\t\t\t\t\t\t\t\t\t\t\t<\/div>\n\t\t\t\t<\/div>\n\t\t\t\t<\/div>\n\t\t\t\t\t<\/div>\n\t\t\t\t<\/div>\n\t\t<div class=\"elementor-element elementor-element-334858c elementor-hidden-tablet elementor-hidden-mobile e-flex e-con-boxed wpr-equal-height-no e-con e-parent\" data-id=\"334858c\" data-element_type=\"container\" data-e-type=\"container\">\n\t\t\t\t\t<div class=\"e-con-inner\">\n\t\t<div class=\"elementor-element elementor-element-16555bf e-grid e-con-full wpr-equal-height-no e-con e-child\" data-id=\"16555bf\" data-element_type=\"container\" data-e-type=\"container\">\n\t\t<div class=\"elementor-element elementor-element-0570510 e-con-full e-flex wpr-equal-height-no e-con e-child\" data-id=\"0570510\" data-element_type=\"container\" data-e-type=\"container\">\n\t\t\t\t<div class=\"elementor-element elementor-element-2f826cb elementor-widget elementor-widget-heading\" data-id=\"2f826cb\" data-element_type=\"widget\" data-e-type=\"widget\" data-widget_type=\"heading.default\">\n\t\t\t\t<div class=\"elementor-widget-container\">\n\t\t\t\t\t<h1 class=\"elementor-heading-title elementor-size-default\">Pobo\u017enost<\/h1>\t\t\t\t<\/div>\n\t\t\t\t<\/div>\n\t\t\t\t<\/div>\n\t\t<div class=\"elementor-element elementor-element-bf7b5bf e-con-full e-flex wpr-equal-height-no e-con e-child\" data-id=\"bf7b5bf\" data-element_type=\"container\" data-e-type=\"container\">\n\t\t\t\t<div class=\"elementor-element elementor-element-be256eb elementor-widget elementor-widget-heading\" data-id=\"be256eb\" data-element_type=\"widget\" data-e-type=\"widget\" data-widget_type=\"heading.default\">\n\t\t\t\t<div class=\"elementor-widget-container\">\n\t\t\t\t\t<h1 class=\"elementor-heading-title elementor-size-default\">Preciznost<\/h1>\t\t\t\t<\/div>\n\t\t\t\t<\/div>\n\t\t\t\t<\/div>\n\t\t<div class=\"elementor-element elementor-element-9b8a726 e-con-full e-flex wpr-equal-height-no e-con e-child\" data-id=\"9b8a726\" data-element_type=\"container\" data-e-type=\"container\">\n\t\t\t\t<div class=\"elementor-element elementor-element-6831ce2 elementor-widget elementor-widget-heading\" data-id=\"6831ce2\" data-element_type=\"widget\" data-e-type=\"widget\" data-widget_type=\"heading.default\">\n\t\t\t\t<div class=\"elementor-widget-container\">\n\t\t\t\t\t<h1 class=\"elementor-heading-title elementor-size-default\">Profesionalnost<\/h1>\t\t\t\t<\/div>\n\t\t\t\t<\/div>\n\t\t\t\t<\/div>\n\t\t<div class=\"elementor-element elementor-element-77bcb5e e-con-full e-flex wpr-equal-height-no e-con e-child\" data-id=\"77bcb5e\" data-element_type=\"container\" data-e-type=\"container\">\n\t\t\t\t<div class=\"elementor-element elementor-element-cacdb0b elementor-widget elementor-widget-heading\" data-id=\"cacdb0b\" data-element_type=\"widget\" data-e-type=\"widget\" data-widget_type=\"heading.default\">\n\t\t\t\t<div class=\"elementor-widget-container\">\n\t\t\t\t\t<h1 class=\"elementor-heading-title elementor-size-default\">Protime.si<\/h1>\t\t\t\t<\/div>\n\t\t\t\t<\/div>\n\t\t\t\t<\/div>\n\t\t\t\t<\/div>\n\t\t\t\t\t<\/div>\n\t\t\t\t<\/div>\n\t\t<div class=\"elementor-element elementor-element-7c3d0440 e-flex e-con-boxed wpr-equal-height-no e-con e-parent\" data-id=\"7c3d0440\" data-element_type=\"container\" data-e-type=\"container\" id=\"instructors\" data-settings=\"{&quot;background_background&quot;:&quot;classic&quot;}\">\n\t\t\t\t\t<div class=\"e-con-inner\">\n\t\t\t\t<div class=\"elementor-element elementor-element-600ee05f animated-fast elementor-widget__width-inherit elementor-invisible elementor-widget elementor-widget-flex-hero\" data-id=\"600ee05f\" data-element_type=\"widget\" data-e-type=\"widget\" data-settings=\"{&quot;layout_preset&quot;:&quot;storytelling&quot;,&quot;primary_button_shape&quot;:&quot;round&quot;,&quot;_animation&quot;:&quot;fadeIn&quot;,&quot;_animation_delay&quot;:&quot;100&quot;,&quot;image_shape&quot;:&quot;sharp&quot;,&quot;box_shape&quot;:&quot;sharp&quot;}\" data-widget_type=\"flex-hero.default\">\n\t\t\t\t<div class=\"elementor-widget-container\">\n\t\t\t\t\t\t\t<div class=\"has-shape-sharp shape-type-box ehp-flex-hero has-layout-preset-storytelling\">\n\t\t\t\t\t\t<div class=\"ehp-flex-hero__overlay\"><\/div>\n\t\t\t<div class=\"ehp-flex-hero__content-container\">\n\t\t\t\t<p class=\"ehp-flex-hero__intro\">Kako je sve po\u010delo?<\/p><h2 class=\"ehp-flex-hero__heading\">Timeline<\/h2>\t\t\t<div class=\"ehp-flex-hero__ctas-container\">\n\t\t\t\t\t\t\t\t\t\t\t<\/div>\n\t\t\t\t\t<\/div>\n\t\t\t\t<div class=\"ehp-flex-hero__image-wrapper\">\n\t\t\t\t<\/div>\n\t\t\t\t<\/div>\n\t\t\t\t\t\t<\/div>\n\t\t\t\t<\/div>\n\t\t\t\t\t<\/div>\n\t\t\t\t<\/div>\n\t\t<div class=\"elementor-element elementor-element-07b46fb e-flex e-con-boxed wpr-equal-height-no e-con e-parent\" data-id=\"07b46fb\" data-element_type=\"container\" data-e-type=\"container\">\n\t\t\t\t\t<div class=\"e-con-inner\">\n\t\t\t\t<div class=\"elementor-element elementor-element-fa6aca4 elementor-widget elementor-widget-heading\" data-id=\"fa6aca4\" data-element_type=\"widget\" data-e-type=\"widget\" data-widget_type=\"heading.default\">\n\t\t\t\t<div class=\"elementor-widget-container\">\n\t\t\t\t\t<h1 class=\"elementor-heading-title elementor-size-default\">Na\u0161 najvjerniji<\/h1>\t\t\t\t<\/div>\n\t\t\t\t<\/div>\n\t\t\t\t<div class=\"elementor-element elementor-element-d8e5db0 elementor-widget elementor-widget-heading\" data-id=\"d8e5db0\" data-element_type=\"widget\" data-e-type=\"widget\" data-widget_type=\"heading.default\">\n\t\t\t\t<div class=\"elementor-widget-container\">\n\t\t\t\t\t<h1 class=\"elementor-heading-title elementor-size-default\">Tim<\/h1>\t\t\t\t<\/div>\n\t\t\t\t<\/div>\n\t\t\t\t\t<\/div>\n\t\t\t\t<\/div>\n\t\t<div class=\"elementor-element elementor-element-3e43d0d e-flex e-con-boxed wpr-equal-height-no e-con e-parent\" data-id=\"3e43d0d\" data-element_type=\"container\" data-e-type=\"container\">\n\t\t\t\t\t<div class=\"e-con-inner\">\n\t\t<div class=\"elementor-element elementor-element-05d1e2b e-con-full e-flex wpr-equal-height-no e-con e-child\" data-id=\"05d1e2b\" data-element_type=\"container\" data-e-type=\"container\">\n\t\t\t\t<\/div>\n\t\t<div class=\"elementor-element elementor-element-93e60a1 e-con-full e-flex wpr-equal-height-no e-con e-child\" data-id=\"93e60a1\" data-element_type=\"container\" data-e-type=\"container\">\n\t\t\t\t<\/div>\n\t\t<div class=\"elementor-element elementor-element-e313701 e-con-full e-flex wpr-equal-height-no e-con e-child\" data-id=\"e313701\" data-element_type=\"container\" data-e-type=\"container\">\n\t\t\t\t<\/div>\n\t\t<div class=\"elementor-element elementor-element-ae2c83e e-con-full e-flex wpr-equal-height-no e-con e-child\" data-id=\"ae2c83e\" data-element_type=\"container\" data-e-type=\"container\">\n\t\t\t\t<\/div>\n\t\t\t\t\t<\/div>\n\t\t\t\t<\/div>\n\t\t<div class=\"elementor-element elementor-element-39128b1 e-flex e-con-boxed wpr-equal-height-no e-con e-parent\" data-id=\"39128b1\" data-element_type=\"container\" data-e-type=\"container\">\n\t\t\t\t\t<div class=\"e-con-inner\">\n\t\t<div class=\"elementor-element elementor-element-7620e42 e-con-full e-flex wpr-equal-height-no e-con e-child\" data-id=\"7620e42\" data-element_type=\"container\" data-e-type=\"container\">\n\t\t\t\t<\/div>\n\t\t<div class=\"elementor-element elementor-element-2b56ec3 e-con-full e-flex wpr-equal-height-no e-con e-child\" data-id=\"2b56ec3\" data-element_type=\"container\" data-e-type=\"container\">\n\t\t\t\t<\/div>\n\t\t<div class=\"elementor-element elementor-element-67518cd e-con-full e-flex wpr-equal-height-no e-con e-child\" data-id=\"67518cd\" data-element_type=\"container\" data-e-type=\"container\">\n\t\t\t\t<\/div>\n\t\t<div class=\"elementor-element elementor-element-3798b3b e-con-full e-flex wpr-equal-height-no e-con e-child\" data-id=\"3798b3b\" data-element_type=\"container\" data-e-type=\"container\">\n\t\t\t\t<\/div>\n\t\t\t\t\t<\/div>\n\t\t\t\t<\/div>\n\t\t\t\t<\/div>","protected":false},"excerpt":{"rendered":"<p>Kaj po\u010dnemo in Kdo smo? Ekipa podjetja Protime.si zagotavlja profesionalno elektronsko merjenje rezultatov na razli\u010dnih \u0161portnih tekmovanjih od teka\u0161kih prireditev in maratonov, triatlona, kolesarjenja, do atletike, trail tekov, gorskega kolesarjenja in moto\u0161porta. Z uporabo moderne in visoko tehnolo\u0161ke opreme zagotavljamo natan\u010dnost meritev v vseh pogojih, obenem pa tudi izjemno preprosto uporabnost za udele\u017eence \u0161portnih tekmovanj. Protime.si ponuja moderno vizualno podporo prireditvam, od uporabe velikih LED semaforjev in LCD displayev, do sodobnih \u00bbtracking\u00ab re\u0161itev in podpore TV produkciji in TV grafiki. Predanost Preciznost Profesionalnost Protime.si Kako se je vse sploh za\u010delo? \u010casovnica Ob koncu \u0161tudentskih let in zaklju\u010devanju kariere atleta, teka\u010da na 800 m, se Domnu \u017dnidari\u010du porodi ideja o ustanovitvi lastne merilne ekipe na podro\u010dju \u0161porta. Prvi kontakti s proizvajalci opreme. 2007 Po dolgih letih ideja vendarle dozori in sledi ustanovitev dru\u017einskega podjetja Protime.si. Sledi mukotrpno iskanje prvih prilo\u017enosti za sodelovanje na \u0161portnih prireditvah v slovenskem prostoru, Protime.si pa \u017ee jeseni vzpostavi partnerstvo s podjetjema race|result in Timetronics, ki nudita tehnolo\u0161ko podporo. 2014 30+ projektov. Vzpostavitev spletne strani in prvih spletnih prijavnic. Kot prvi v Sloveniji uvajamo elektronske \u010dipe, integrirane v \u0161tartnih \u0161tevilkah. \u0160iritev na hrva\u0161ki trg. 2015 70+ projektov. Pridobitev certifikata Atletske zveze Slovenije za meritve na atletskih mitingih, sodelovanje na OceanLava seriji, pridobitev napredne triatlon tehnologije. \u0160iritev Protime ekipe z novimi sodelavci. 2016 100+ projektov. Nadaljnja \u0161iritev na hrva\u0161ki trg in investicija v posodobitev voznega parka \u2013 2 kombija. Prevzem prvih \u0161portnih prireditev, kjer zagotavljamo izvedbo \u00bbna klju\u010d\u00ab s celotno tehni\u010dno in logisti\u010dno podporo. 2017 Sodelovanje na prvem maratonu, \u0161iritev na trge v Srbijo ter Bosno in Hercegovino. Investicija v novo tehnologijo, zagotavljanje podpore kompleksnih spletnim prijavam, \u0161iritev na meritve v moto\u0161portu. 2018 130+ projektov. Pridobitev licence s strani organizacije Ironman in meritve na 5150 Ironman triatlonu. Vzpostavitev kompletnega sistema prijav na tekmovanja s pla\u010dili in pripadajo\u010do avtomatizacijo. Nove zaposlitve in izdatna investicija v opremo ter dodatno vozilo. \u00a0Raz\u0161iritev delovanja na \u010crno goro. 2019 V februarju rekordnih 3.300 teka\u010dev na maratonu v Splitu. Sledi ekspresni udarec epidemije in kasneje pandemije Covid-19, ki z odpovedjo precej\u0161njega \u0161tevila \u0161portno rekreativnih prireditev mo\u010dno vpliva na sezono. 2020 Pandemija Covid-19 se nadaljuje tudi v sezono 2021, vendar se ob koncu pomladi po\u010dasi stvari normalizirajo, s tem pa \u0161portne prireditve znova za\u017eivijo. Zahvala na\u0161im stalnim partnerjem organizatorjem, tudi v tujini, ki so izvedli projekte. 2021 V letu 2022 je svet premagal pandemijo Covid-19 in vse sfere \u017eivljenja so se vrnile v normalne tirnice, tudi mno\u017ei\u010dne \u0161portne prireditve. Ekipa Protime nadaljuje s projekti v Sloveniji in tujini, opravimo\u00a0ve\u010d kot 120+ projektov, med najve\u010djimi in odmevnimi sta tudi Ironman 70.3 Pore\u010d in Evropsko prvenstvo MTB v spustu. 2022 V letu 2023 smo v ekipi Protime nadgrajevali na\u0161a sodelovanja in se pridru\u017eili organizacijski ekipi European Youth Olympic Festival-a (EYOF), najve\u010djega multisport dogodka v Sloveniji, skupaj smo sodelovali na ve\u010d kot 140+ projektih, na\u0161e \u010dasomerilske naprave pa so zabele\u017eile skoraj 50.000 udele\u017eencev v celotni sezoni. 2023 Na\u0161a najbolj zvesta Ekipa Domen \u017dnidari\u010d founder &amp; co-owner, CEO info@protime.si Tina Jure\u0161 project manager &amp; co-owner, senior race timer tina@protime.si Borut Podgornik senior timing assistant, AIMS measurement specialist borut.podgornik@triera.net Tine Lenart junior race timer, customer &amp; technical support tine@protime.si Darko Novak head of photography, senior timing assistant Alja\u017e Kokol junior race timer, web administrator Maja \u017dnidari\u010d customer support, head of on-site race office Helena Javornik 3x olympian, timing assistant<\/p>","protected":false},"author":1,"featured_media":0,"parent":0,"menu_order":0,"comment_status":"closed","ping_status":"closed","template":"elementor_header_footer","meta":{"footnotes":""},"class_list":["post-36","page","type-page","status-publish","hentry"],"_links":{"self":[{"href":"https:\/\/protime.si\/hr\/wp-json\/wp\/v2\/pages\/36","targetHints":{"allow":["GET"]}}],"collection":[{"href":"https:\/\/protime.si\/hr\/wp-json\/wp\/v2\/pages"}],"about":[{"href":"https:\/\/protime.si\/hr\/wp-json\/wp\/v2\/types\/page"}],"author":[{"embeddable":true,"href":"https:\/\/protime.si\/hr\/wp-json\/wp\/v2\/users\/1"}],"replies":[{"embeddable":true,"href":"https:\/\/protime.si\/hr\/wp-json\/wp\/v2\/comments?post=36"}],"version-history":[{"count":0,"href":"https:\/\/protime.si\/hr\/wp-json\/wp\/v2\/pages\/36\/revisions"}],"wp:attachment":[{"href":"https:\/\/protime.si\/hr\/wp-json\/wp\/v2\/media?parent=36"}],"curies":[{"name":"wp","href":"https:\/\/api.w.org\/{rel}","templated":true}]}}